
{"id":1414,"date":"2016-12-23T15:51:29","date_gmt":"2016-12-23T14:51:29","guid":{"rendered":"https:\/\/www.borghidiriviera.it\/assapora\/"},"modified":"2018-08-14T12:10:05","modified_gmt":"2018-08-14T10:10:05","slug":"gouter","status":"publish","type":"page","link":"https:\/\/www.borghidiriviera.it\/fr\/gouter\/","title":{"rendered":"Go\u00fbter"},"content":{"rendered":"","protected":false},"excerpt":{"rendered":"<p>La Riviera est le gardien de traditions anciennes, saveurs et m\u00e9tiers anciens. Boutiques d&rsquo;artisanat et produits typiques, aujourd&rsquo;hui comme dans le pass\u00e9e, attendent d&rsquo;\u00eatre d\u00e9couverts.<\/p>\n","protected":false},"author":8,"featured_media":0,"parent":0,"menu_order":0,"comment_status":"closed","ping_status":"closed","template":"page-templates\/page-assapora.php","meta":{"footnotes":""},"class_list":["post-1414","page","type-page","status-publish","hentry"],"yoast_head":"<!-- This site is optimized with the Yoast SEO plugin v25.6 - https:\/\/yoast.com\/wordpress\/plugins\/seo\/ -->\n<title>I prodotti tipici Liguri e le ricette della tradizione Ligure - Borghi di Riviera<\/title>\n<meta name=\"robots\" content=\"noindex, follow, max-snippet:-1, max-image-preview:large, max-video-preview:-1\" \/>\n<meta property=\"og:locale\" content=\"fr_FR\" \/>\n<meta property=\"og:type\" content=\"article\" \/>\n<meta property=\"og:title\" content=\"I prodotti tipici Liguri e le ricette della tradizione Ligure - Borghi di Riviera\" \/>\n<meta property=\"og:description\" content=\"La Riviera est le gardien de traditions anciennes, saveurs et m\u00e9tiers anciens. Boutiques d&#039;artisanat et produits typiques, aujourd&#039;hui comme dans le pass\u00e9e, attendent d&#039;\u00eatre d\u00e9couverts.\" \/>\n<meta property=\"og:url\" content=\"https:\/\/www.borghidiriviera.it\/fr\/gouter\/\" \/>\n<meta property=\"og:site_name\" content=\"Borghi di Riviera\" \/>\n<meta property=\"article:publisher\" content=\"https:\/\/www.facebook.com\/borghidiriviera\/\" \/>\n<meta property=\"article:modified_time\" content=\"2018-08-14T10:10:05+00:00\" \/>\n<meta property=\"og:image\" content=\"http:\/\/www.borghidiriviera.it\/wp-content\/uploads\/2016\/12\/hotel-villa-ida.jpg\" \/>\n<meta name=\"twitter:card\" content=\"summary_large_image\" \/>\n<meta name=\"twitter:site\" content=\"@borghidiriviera\" \/>\n<script type=\"application\/ld+json\" class=\"yoast-schema-graph\">{\"@context\":\"https:\/\/schema.org\",\"@graph\":[{\"@type\":\"WebPage\",\"@id\":\"https:\/\/www.borghidiriviera.it\/fr\/gouter\/\",\"url\":\"https:\/\/www.borghidiriviera.it\/fr\/gouter\/\",\"name\":\"I prodotti tipici Liguri e le ricette della tradizione Ligure - Borghi di Riviera\",\"isPartOf\":{\"@id\":\"https:\/\/www.borghidiriviera.it\/#website\"},\"datePublished\":\"2016-12-23T14:51:29+00:00\",\"dateModified\":\"2018-08-14T10:10:05+00:00\",\"breadcrumb\":{\"@id\":\"https:\/\/www.borghidiriviera.it\/fr\/gouter\/#breadcrumb\"},\"inLanguage\":\"fr-FR\",\"potentialAction\":[{\"@type\":\"ReadAction\",\"target\":[\"https:\/\/www.borghidiriviera.it\/fr\/gouter\/\"]}]},{\"@type\":\"BreadcrumbList\",\"@id\":\"https:\/\/www.borghidiriviera.it\/fr\/gouter\/#breadcrumb\",\"itemListElement\":[{\"@type\":\"ListItem\",\"position\":1,\"name\":\"Home\",\"item\":\"https:\/\/www.borghidiriviera.it\/fr\/\"},{\"@type\":\"ListItem\",\"position\":2,\"name\":\"Go\u00fbter\"}]},{\"@type\":\"WebSite\",\"@id\":\"https:\/\/www.borghidiriviera.it\/#website\",\"url\":\"https:\/\/www.borghidiriviera.it\/\",\"name\":\"Borghi di Riviera\",\"description\":\"I borghi pi\u00f9 belli della Liguria pi\u00f9 vera\",\"potentialAction\":[{\"@type\":\"SearchAction\",\"target\":{\"@type\":\"EntryPoint\",\"urlTemplate\":\"https:\/\/www.borghidiriviera.it\/?s={search_term_string}\"},\"query-input\":{\"@type\":\"PropertyValueSpecification\",\"valueRequired\":true,\"valueName\":\"search_term_string\"}}],\"inLanguage\":\"fr-FR\"}]}<\/script>\n<!-- \/ Yoast SEO plugin. -->","yoast_head_json":{"title":"I prodotti tipici Liguri e le ricette della tradizione Ligure - Borghi di Riviera","robots":{"index":"noindex","follow":"follow","max-snippet":"max-snippet:-1","max-image-preview":"max-image-preview:large","max-video-preview":"max-video-preview:-1"},"og_locale":"fr_FR","og_type":"article","og_title":"I prodotti tipici Liguri e le ricette della tradizione Ligure - Borghi di Riviera","og_description":"La Riviera est le gardien de traditions anciennes, saveurs et m\u00e9tiers anciens. Boutiques d'artisanat et produits typiques, aujourd'hui comme dans le pass\u00e9e, attendent d'\u00eatre d\u00e9couverts.","og_url":"https:\/\/www.borghidiriviera.it\/fr\/gouter\/","og_site_name":"Borghi di Riviera","article_publisher":"https:\/\/www.facebook.com\/borghidiriviera\/","article_modified_time":"2018-08-14T10:10:05+00:00","og_image":[{"url":"http:\/\/www.borghidiriviera.it\/wp-content\/uploads\/2016\/12\/hotel-villa-ida.jpg","type":"","width":"","height":""}],"twitter_card":"summary_large_image","twitter_site":"@borghidiriviera","schema":{"@context":"https:\/\/schema.org","@graph":[{"@type":"WebPage","@id":"https:\/\/www.borghidiriviera.it\/fr\/gouter\/","url":"https:\/\/www.borghidiriviera.it\/fr\/gouter\/","name":"I prodotti tipici Liguri e le ricette della tradizione Ligure - Borghi di Riviera","isPartOf":{"@id":"https:\/\/www.borghidiriviera.it\/#website"},"datePublished":"2016-12-23T14:51:29+00:00","dateModified":"2018-08-14T10:10:05+00:00","breadcrumb":{"@id":"https:\/\/www.borghidiriviera.it\/fr\/gouter\/#breadcrumb"},"inLanguage":"fr-FR","potentialAction":[{"@type":"ReadAction","target":["https:\/\/www.borghidiriviera.it\/fr\/gouter\/"]}]},{"@type":"BreadcrumbList","@id":"https:\/\/www.borghidiriviera.it\/fr\/gouter\/#breadcrumb","itemListElement":[{"@type":"ListItem","position":1,"name":"Home","item":"https:\/\/www.borghidiriviera.it\/fr\/"},{"@type":"ListItem","position":2,"name":"Go\u00fbter"}]},{"@type":"WebSite","@id":"https:\/\/www.borghidiriviera.it\/#website","url":"https:\/\/www.borghidiriviera.it\/","name":"Borghi di Riviera","description":"I borghi pi\u00f9 belli della Liguria pi\u00f9 vera","potentialAction":[{"@type":"SearchAction","target":{"@type":"EntryPoint","urlTemplate":"https:\/\/www.borghidiriviera.it\/?s={search_term_string}"},"query-input":{"@type":"PropertyValueSpecification","valueRequired":true,"valueName":"search_term_string"}}],"inLanguage":"fr-FR"}]}},"_links":{"self":[{"href":"https:\/\/www.borghidiriviera.it\/fr\/wp-json\/wp\/v2\/pages\/1414","targetHints":{"allow":["GET"]}}],"collection":[{"href":"https:\/\/www.borghidiriviera.it\/fr\/wp-json\/wp\/v2\/pages"}],"about":[{"href":"https:\/\/www.borghidiriviera.it\/fr\/wp-json\/wp\/v2\/types\/page"}],"author":[{"embeddable":true,"href":"https:\/\/www.borghidiriviera.it\/fr\/wp-json\/wp\/v2\/users\/8"}],"replies":[{"embeddable":true,"href":"https:\/\/www.borghidiriviera.it\/fr\/wp-json\/wp\/v2\/comments?post=1414"}],"version-history":[{"count":3,"href":"https:\/\/www.borghidiriviera.it\/fr\/wp-json\/wp\/v2\/pages\/1414\/revisions"}],"predecessor-version":[{"id":4858,"href":"https:\/\/www.borghidiriviera.it\/fr\/wp-json\/wp\/v2\/pages\/1414\/revisions\/4858"}],"wp:attachment":[{"href":"https:\/\/www.borghidiriviera.it\/fr\/wp-json\/wp\/v2\/media?parent=1414"}],"curies":[{"name":"wp","href":"https:\/\/api.w.org\/{rel}","templated":true}]}}