
{"id":1416,"date":"2016-12-23T15:51:13","date_gmt":"2016-12-23T14:51:13","guid":{"rendered":"https:\/\/www.borghidiriviera.it\/eventi\/"},"modified":"2017-07-17T16:54:32","modified_gmt":"2017-07-17T14:54:32","slug":"evenements","status":"publish","type":"page","link":"https:\/\/www.borghidiriviera.it\/fr\/evenements\/","title":{"rendered":"Even\u00e9ments"},"content":{"rendered":"","protected":false},"excerpt":{"rendered":"<p>Festivals savoureux pour le plaisir du palais, reconstitutions historiques extraordinaires et f\u00eates traditionnelles qui ont \u00e9t\u00e9 transmis depuis des g\u00e9n\u00e9rations. D\u00e9couvrez tous les \u00e9v\u00e9nements que la Riviera offre.<\/p>\n","protected":false},"author":8,"featured_media":0,"parent":0,"menu_order":0,"comment_status":"closed","ping_status":"closed","template":"page-templates\/page-eventi.php","meta":{"footnotes":""},"class_list":["post-1416","page","type-page","status-publish","hentry"],"yoast_head":"<!-- This site is optimized with the Yoast SEO plugin v25.6 - https:\/\/yoast.com\/wordpress\/plugins\/seo\/ -->\n<title>Even\u00e9ments - Borghi di Riviera<\/title>\n<meta name=\"robots\" content=\"noindex, follow, max-snippet:-1, max-image-preview:large, max-video-preview:-1\" \/>\n<meta property=\"og:locale\" content=\"fr_FR\" \/>\n<meta property=\"og:type\" content=\"article\" \/>\n<meta property=\"og:title\" content=\"Even\u00e9ments - Borghi di Riviera\" \/>\n<meta property=\"og:description\" content=\"Festivals savoureux pour le plaisir du palais, reconstitutions historiques extraordinaires et f\u00eates traditionnelles qui ont \u00e9t\u00e9 transmis depuis des g\u00e9n\u00e9rations. D\u00e9couvrez tous les \u00e9v\u00e9nements que la Riviera offre.\" \/>\n<meta property=\"og:url\" content=\"https:\/\/www.borghidiriviera.it\/fr\/evenements\/\" \/>\n<meta property=\"og:site_name\" content=\"Borghi di Riviera\" \/>\n<meta property=\"article:publisher\" content=\"https:\/\/www.facebook.com\/borghidiriviera\/\" \/>\n<meta property=\"article:modified_time\" content=\"2017-07-17T14:54:32+00:00\" \/>\n<meta property=\"og:image\" content=\"http:\/\/www.borghidiriviera.it\/wp-content\/uploads\/2016\/12\/hotel-villa-ida.jpg\" \/>\n<meta name=\"twitter:card\" content=\"summary_large_image\" \/>\n<meta name=\"twitter:site\" content=\"@borghidiriviera\" \/>\n<script type=\"application\/ld+json\" class=\"yoast-schema-graph\">{\"@context\":\"https:\/\/schema.org\",\"@graph\":[{\"@type\":\"WebPage\",\"@id\":\"https:\/\/www.borghidiriviera.it\/fr\/evenements\/\",\"url\":\"https:\/\/www.borghidiriviera.it\/fr\/evenements\/\",\"name\":\"Even\u00e9ments - Borghi di Riviera\",\"isPartOf\":{\"@id\":\"https:\/\/www.borghidiriviera.it\/#website\"},\"datePublished\":\"2016-12-23T14:51:13+00:00\",\"dateModified\":\"2017-07-17T14:54:32+00:00\",\"breadcrumb\":{\"@id\":\"https:\/\/www.borghidiriviera.it\/fr\/evenements\/#breadcrumb\"},\"inLanguage\":\"fr-FR\",\"potentialAction\":[{\"@type\":\"ReadAction\",\"target\":[\"https:\/\/www.borghidiriviera.it\/fr\/evenements\/\"]}]},{\"@type\":\"BreadcrumbList\",\"@id\":\"https:\/\/www.borghidiriviera.it\/fr\/evenements\/#breadcrumb\",\"itemListElement\":[{\"@type\":\"ListItem\",\"position\":1,\"name\":\"Home\",\"item\":\"https:\/\/www.borghidiriviera.it\/fr\/\"},{\"@type\":\"ListItem\",\"position\":2,\"name\":\"Even\u00e9ments\"}]},{\"@type\":\"WebSite\",\"@id\":\"https:\/\/www.borghidiriviera.it\/#website\",\"url\":\"https:\/\/www.borghidiriviera.it\/\",\"name\":\"Borghi di Riviera\",\"description\":\"I borghi pi\u00f9 belli della Liguria pi\u00f9 vera\",\"potentialAction\":[{\"@type\":\"SearchAction\",\"target\":{\"@type\":\"EntryPoint\",\"urlTemplate\":\"https:\/\/www.borghidiriviera.it\/?s={search_term_string}\"},\"query-input\":{\"@type\":\"PropertyValueSpecification\",\"valueRequired\":true,\"valueName\":\"search_term_string\"}}],\"inLanguage\":\"fr-FR\"}]}<\/script>\n<!-- \/ Yoast SEO plugin. -->","yoast_head_json":{"title":"Even\u00e9ments - Borghi di Riviera","robots":{"index":"noindex","follow":"follow","max-snippet":"max-snippet:-1","max-image-preview":"max-image-preview:large","max-video-preview":"max-video-preview:-1"},"og_locale":"fr_FR","og_type":"article","og_title":"Even\u00e9ments - Borghi di Riviera","og_description":"Festivals savoureux pour le plaisir du palais, reconstitutions historiques extraordinaires et f\u00eates traditionnelles qui ont \u00e9t\u00e9 transmis depuis des g\u00e9n\u00e9rations. D\u00e9couvrez tous les \u00e9v\u00e9nements que la Riviera offre.","og_url":"https:\/\/www.borghidiriviera.it\/fr\/evenements\/","og_site_name":"Borghi di Riviera","article_publisher":"https:\/\/www.facebook.com\/borghidiriviera\/","article_modified_time":"2017-07-17T14:54:32+00:00","og_image":[{"url":"http:\/\/www.borghidiriviera.it\/wp-content\/uploads\/2016\/12\/hotel-villa-ida.jpg","type":"","width":"","height":""}],"twitter_card":"summary_large_image","twitter_site":"@borghidiriviera","schema":{"@context":"https:\/\/schema.org","@graph":[{"@type":"WebPage","@id":"https:\/\/www.borghidiriviera.it\/fr\/evenements\/","url":"https:\/\/www.borghidiriviera.it\/fr\/evenements\/","name":"Even\u00e9ments - Borghi di Riviera","isPartOf":{"@id":"https:\/\/www.borghidiriviera.it\/#website"},"datePublished":"2016-12-23T14:51:13+00:00","dateModified":"2017-07-17T14:54:32+00:00","breadcrumb":{"@id":"https:\/\/www.borghidiriviera.it\/fr\/evenements\/#breadcrumb"},"inLanguage":"fr-FR","potentialAction":[{"@type":"ReadAction","target":["https:\/\/www.borghidiriviera.it\/fr\/evenements\/"]}]},{"@type":"BreadcrumbList","@id":"https:\/\/www.borghidiriviera.it\/fr\/evenements\/#breadcrumb","itemListElement":[{"@type":"ListItem","position":1,"name":"Home","item":"https:\/\/www.borghidiriviera.it\/fr\/"},{"@type":"ListItem","position":2,"name":"Even\u00e9ments"}]},{"@type":"WebSite","@id":"https:\/\/www.borghidiriviera.it\/#website","url":"https:\/\/www.borghidiriviera.it\/","name":"Borghi di Riviera","description":"I borghi pi\u00f9 belli della Liguria pi\u00f9 vera","potentialAction":[{"@type":"SearchAction","target":{"@type":"EntryPoint","urlTemplate":"https:\/\/www.borghidiriviera.it\/?s={search_term_string}"},"query-input":{"@type":"PropertyValueSpecification","valueRequired":true,"valueName":"search_term_string"}}],"inLanguage":"fr-FR"}]}},"_links":{"self":[{"href":"https:\/\/www.borghidiriviera.it\/fr\/wp-json\/wp\/v2\/pages\/1416","targetHints":{"allow":["GET"]}}],"collection":[{"href":"https:\/\/www.borghidiriviera.it\/fr\/wp-json\/wp\/v2\/pages"}],"about":[{"href":"https:\/\/www.borghidiriviera.it\/fr\/wp-json\/wp\/v2\/types\/page"}],"author":[{"embeddable":true,"href":"https:\/\/www.borghidiriviera.it\/fr\/wp-json\/wp\/v2\/users\/8"}],"replies":[{"embeddable":true,"href":"https:\/\/www.borghidiriviera.it\/fr\/wp-json\/wp\/v2\/comments?post=1416"}],"version-history":[{"count":1,"href":"https:\/\/www.borghidiriviera.it\/fr\/wp-json\/wp\/v2\/pages\/1416\/revisions"}],"predecessor-version":[{"id":1418,"href":"https:\/\/www.borghidiriviera.it\/fr\/wp-json\/wp\/v2\/pages\/1416\/revisions\/1418"}],"wp:attachment":[{"href":"https:\/\/www.borghidiriviera.it\/fr\/wp-json\/wp\/v2\/media?parent=1416"}],"curies":[{"name":"wp","href":"https:\/\/api.w.org\/{rel}","templated":true}]}}