
{"id":1419,"date":"2016-12-23T15:51:41","date_gmt":"2016-12-23T14:51:41","guid":{"rendered":"https:\/\/www.borghidiriviera.it\/itinerari\/"},"modified":"2017-07-17T16:56:26","modified_gmt":"2017-07-17T14:56:26","slug":"itineraires","status":"publish","type":"page","link":"https:\/\/www.borghidiriviera.it\/fr\/itineraires\/","title":{"rendered":"Itin\u00e9raires"},"content":{"rendered":"","protected":false},"excerpt":{"rendered":"<p>Profitez des villages de la Riviera d\u2019une nouvelle fa\u00e7on avec nos itin\u00e9raires \u00e0 pied, en v\u00e9lo ou en voiture. Parmi les for\u00eats vierges et ses eaux cristallines vous d\u00e9couvrirez les beaut\u00e9s cach\u00e9es et les savoureuses sp\u00e9cialit\u00e9s.<\/p>\n","protected":false},"author":8,"featured_media":0,"parent":0,"menu_order":0,"comment_status":"closed","ping_status":"closed","template":"page-templates\/page-itinerari.php","meta":{"footnotes":""},"class_list":["post-1419","page","type-page","status-publish","hentry"],"yoast_head":"<!-- This site is optimized with the Yoast SEO plugin v25.6 - https:\/\/yoast.com\/wordpress\/plugins\/seo\/ -->\n<title>Itin\u00e9raires - Borghi di Riviera<\/title>\n<meta name=\"robots\" content=\"index, follow, max-snippet:-1, max-image-preview:large, max-video-preview:-1\" \/>\n<link rel=\"canonical\" href=\"https:\/\/www.borghidiriviera.it\/fr\/itineraires\/\" \/>\n<meta property=\"og:locale\" content=\"fr_FR\" \/>\n<meta property=\"og:type\" content=\"article\" \/>\n<meta property=\"og:title\" content=\"Itin\u00e9raires - Borghi di Riviera\" \/>\n<meta property=\"og:description\" content=\"Profitez des villages de la Riviera d\u2019une nouvelle fa\u00e7on avec nos itin\u00e9raires \u00e0 pied, en v\u00e9lo ou en voiture. Parmi les for\u00eats vierges et ses eaux cristallines vous d\u00e9couvrirez les beaut\u00e9s cach\u00e9es et les savoureuses sp\u00e9cialit\u00e9s.\" \/>\n<meta property=\"og:url\" content=\"https:\/\/www.borghidiriviera.it\/fr\/itineraires\/\" \/>\n<meta property=\"og:site_name\" content=\"Borghi di Riviera\" \/>\n<meta property=\"article:publisher\" content=\"https:\/\/www.facebook.com\/borghidiriviera\/\" \/>\n<meta property=\"article:modified_time\" content=\"2017-07-17T14:56:26+00:00\" \/>\n<meta property=\"og:image\" content=\"http:\/\/www.borghidiriviera.it\/wp-content\/uploads\/2016\/12\/hotel-villa-ida.jpg\" \/>\n<meta name=\"twitter:card\" content=\"summary_large_image\" \/>\n<meta name=\"twitter:site\" content=\"@borghidiriviera\" \/>\n<script type=\"application\/ld+json\" class=\"yoast-schema-graph\">{\"@context\":\"https:\/\/schema.org\",\"@graph\":[{\"@type\":\"WebPage\",\"@id\":\"https:\/\/www.borghidiriviera.it\/fr\/itineraires\/\",\"url\":\"https:\/\/www.borghidiriviera.it\/fr\/itineraires\/\",\"name\":\"Itin\u00e9raires - Borghi di Riviera\",\"isPartOf\":{\"@id\":\"https:\/\/www.borghidiriviera.it\/#website\"},\"datePublished\":\"2016-12-23T14:51:41+00:00\",\"dateModified\":\"2017-07-17T14:56:26+00:00\",\"breadcrumb\":{\"@id\":\"https:\/\/www.borghidiriviera.it\/fr\/itineraires\/#breadcrumb\"},\"inLanguage\":\"fr-FR\",\"potentialAction\":[{\"@type\":\"ReadAction\",\"target\":[\"https:\/\/www.borghidiriviera.it\/fr\/itineraires\/\"]}]},{\"@type\":\"BreadcrumbList\",\"@id\":\"https:\/\/www.borghidiriviera.it\/fr\/itineraires\/#breadcrumb\",\"itemListElement\":[{\"@type\":\"ListItem\",\"position\":1,\"name\":\"Home\",\"item\":\"https:\/\/www.borghidiriviera.it\/fr\/\"},{\"@type\":\"ListItem\",\"position\":2,\"name\":\"Itin\u00e9raires\"}]},{\"@type\":\"WebSite\",\"@id\":\"https:\/\/www.borghidiriviera.it\/#website\",\"url\":\"https:\/\/www.borghidiriviera.it\/\",\"name\":\"Borghi di Riviera\",\"description\":\"I borghi pi\u00f9 belli della Liguria pi\u00f9 vera\",\"potentialAction\":[{\"@type\":\"SearchAction\",\"target\":{\"@type\":\"EntryPoint\",\"urlTemplate\":\"https:\/\/www.borghidiriviera.it\/?s={search_term_string}\"},\"query-input\":{\"@type\":\"PropertyValueSpecification\",\"valueRequired\":true,\"valueName\":\"search_term_string\"}}],\"inLanguage\":\"fr-FR\"}]}<\/script>\n<!-- \/ Yoast SEO plugin. -->","yoast_head_json":{"title":"Itin\u00e9raires - Borghi di Riviera","robots":{"index":"index","follow":"follow","max-snippet":"max-snippet:-1","max-image-preview":"max-image-preview:large","max-video-preview":"max-video-preview:-1"},"canonical":"https:\/\/www.borghidiriviera.it\/fr\/itineraires\/","og_locale":"fr_FR","og_type":"article","og_title":"Itin\u00e9raires - Borghi di Riviera","og_description":"Profitez des villages de la Riviera d\u2019une nouvelle fa\u00e7on avec nos itin\u00e9raires \u00e0 pied, en v\u00e9lo ou en voiture. Parmi les for\u00eats vierges et ses eaux cristallines vous d\u00e9couvrirez les beaut\u00e9s cach\u00e9es et les savoureuses sp\u00e9cialit\u00e9s.","og_url":"https:\/\/www.borghidiriviera.it\/fr\/itineraires\/","og_site_name":"Borghi di Riviera","article_publisher":"https:\/\/www.facebook.com\/borghidiriviera\/","article_modified_time":"2017-07-17T14:56:26+00:00","og_image":[{"url":"http:\/\/www.borghidiriviera.it\/wp-content\/uploads\/2016\/12\/hotel-villa-ida.jpg","type":"","width":"","height":""}],"twitter_card":"summary_large_image","twitter_site":"@borghidiriviera","schema":{"@context":"https:\/\/schema.org","@graph":[{"@type":"WebPage","@id":"https:\/\/www.borghidiriviera.it\/fr\/itineraires\/","url":"https:\/\/www.borghidiriviera.it\/fr\/itineraires\/","name":"Itin\u00e9raires - Borghi di Riviera","isPartOf":{"@id":"https:\/\/www.borghidiriviera.it\/#website"},"datePublished":"2016-12-23T14:51:41+00:00","dateModified":"2017-07-17T14:56:26+00:00","breadcrumb":{"@id":"https:\/\/www.borghidiriviera.it\/fr\/itineraires\/#breadcrumb"},"inLanguage":"fr-FR","potentialAction":[{"@type":"ReadAction","target":["https:\/\/www.borghidiriviera.it\/fr\/itineraires\/"]}]},{"@type":"BreadcrumbList","@id":"https:\/\/www.borghidiriviera.it\/fr\/itineraires\/#breadcrumb","itemListElement":[{"@type":"ListItem","position":1,"name":"Home","item":"https:\/\/www.borghidiriviera.it\/fr\/"},{"@type":"ListItem","position":2,"name":"Itin\u00e9raires"}]},{"@type":"WebSite","@id":"https:\/\/www.borghidiriviera.it\/#website","url":"https:\/\/www.borghidiriviera.it\/","name":"Borghi di Riviera","description":"I borghi pi\u00f9 belli della Liguria pi\u00f9 vera","potentialAction":[{"@type":"SearchAction","target":{"@type":"EntryPoint","urlTemplate":"https:\/\/www.borghidiriviera.it\/?s={search_term_string}"},"query-input":{"@type":"PropertyValueSpecification","valueRequired":true,"valueName":"search_term_string"}}],"inLanguage":"fr-FR"}]}},"_links":{"self":[{"href":"https:\/\/www.borghidiriviera.it\/fr\/wp-json\/wp\/v2\/pages\/1419","targetHints":{"allow":["GET"]}}],"collection":[{"href":"https:\/\/www.borghidiriviera.it\/fr\/wp-json\/wp\/v2\/pages"}],"about":[{"href":"https:\/\/www.borghidiriviera.it\/fr\/wp-json\/wp\/v2\/types\/page"}],"author":[{"embeddable":true,"href":"https:\/\/www.borghidiriviera.it\/fr\/wp-json\/wp\/v2\/users\/8"}],"replies":[{"embeddable":true,"href":"https:\/\/www.borghidiriviera.it\/fr\/wp-json\/wp\/v2\/comments?post=1419"}],"version-history":[{"count":1,"href":"https:\/\/www.borghidiriviera.it\/fr\/wp-json\/wp\/v2\/pages\/1419\/revisions"}],"predecessor-version":[{"id":1420,"href":"https:\/\/www.borghidiriviera.it\/fr\/wp-json\/wp\/v2\/pages\/1419\/revisions\/1420"}],"wp:attachment":[{"href":"https:\/\/www.borghidiriviera.it\/fr\/wp-json\/wp\/v2\/media?parent=1419"}],"curies":[{"name":"wp","href":"https:\/\/api.w.org\/{rel}","templated":true}]}}